{"id":18034,"date":"2020-03-20T15:06:39","date_gmt":"2020-03-20T15:06:39","guid":{"rendered":"https:\/\/roehrigart.com\/shop\/uncategorized\/%d0%b3%d0%bd%d0%b5%d0%b7%d0%b4%d0%be\/"},"modified":"2021-07-20T16:59:09","modified_gmt":"2021-07-20T16:59:09","slug":"%d0%b3%d0%bd%d0%b5%d0%b7%d0%b4%d0%be","status":"publish","type":"product","link":"https:\/\/roehrigart.com\/ru\/shop\/%d1%85%d1%83%d0%b4%d0%be%d0%b6%d0%b5%d1%81%d1%82%d0%b2%d0%b5%d0%bd%d0%bd%d1%8b%d0%b9-%d0%bc%d0%b0%d0%b3%d0%b0%d0%b7%d0%b8%d0%bd\/%d1%88%d0%b5%d0%bb%d0%ba%d0%be%d0%b2%d1%8b%d0%b5-%d1%88%d0%b0%d1%80%d1%84%d1%8b\/%d1%87%d0%b0%d1%88%d0%b0-%d0%bc%d1%83%d0%b6%d1%81%d0%ba%d0%b0%d1%8f\/%d0%b3%d0%bd%d0%b5%d0%b7%d0%b4%d0%be\/","title":{"rendered":"\u0433\u043d\u0435\u0437\u0434\u043e"},"content":{"rendered":"","protected":false},"excerpt":{"rendered":"<p>Ein Portr\u00e4t von Optimismus, Ausdauer und \u00dcberleben zwischen Hindernissen und Barrieren. Ma\u00dfgetreue Details von Steinen in realen Farben sind eine Spezialit\u00e4t des K\u00fcnstlers. Und oft findet man in seiner Kunst die Spirale, eine Darstellung der Lebenskraft, die immer nach Wegen sucht und findet, um zu wachsen und zu gedeihen. Ein eleganter Schal f\u00fcr M\u00e4nner, passend f\u00fcr alle Gelegenheiten.<\/p>\n","protected":false},"featured_media":17676,"template":"","meta":{"_acf_changed":false,"googlesitekit_rrm_CAow3JTBDA:productID":""},"product_brand":[],"product_cat":[480,486],"product_tag":[],"class_list":{"0":"post-18034","1":"product","2":"type-product","3":"status-publish","4":"has-post-thumbnail","6":"product_cat-480","7":"product_cat-486","8":"product_shipping_class--dvd","10":"first","11":"outofstock","12":"taxable","13":"shipping-taxable","14":"purchasable","15":"product-type-simple"},"acf":[],"_links":{"self":[{"href":"https:\/\/roehrigart.com\/ru\/wp-json\/wp\/v2\/product\/18034","targetHints":{"allow":["GET"]}}],"collection":[{"href":"https:\/\/roehrigart.com\/ru\/wp-json\/wp\/v2\/product"}],"about":[{"href":"https:\/\/roehrigart.com\/ru\/wp-json\/wp\/v2\/types\/product"}],"version-history":[{"count":0,"href":"https:\/\/roehrigart.com\/ru\/wp-json\/wp\/v2\/product\/18034\/revisions"}],"wp:featuredmedia":[{"embeddable":true,"href":"https:\/\/roehrigart.com\/ru\/wp-json\/wp\/v2\/media\/17676"}],"wp:attachment":[{"href":"https:\/\/roehrigart.com\/ru\/wp-json\/wp\/v2\/media?parent=18034"}],"wp:term":[{"taxonomy":"product_brand","embeddable":true,"href":"https:\/\/roehrigart.com\/ru\/wp-json\/wp\/v2\/product_brand?post=18034"},{"taxonomy":"product_cat","embeddable":true,"href":"https:\/\/roehrigart.com\/ru\/wp-json\/wp\/v2\/product_cat?post=18034"},{"taxonomy":"product_tag","embeddable":true,"href":"https:\/\/roehrigart.com\/ru\/wp-json\/wp\/v2\/product_tag?post=18034"}],"curies":[{"name":"wp","href":"https:\/\/api.w.org\/{rel}","templated":true}]}}