{"id":18040,"date":"2020-03-20T14:24:43","date_gmt":"2020-03-20T14:24:43","guid":{"rendered":"https:\/\/roehrigart.com\/shop\/uncategorized\/%d0%bc%d0%b0%d1%82%d1%82%d0%b5%d1%80%d1%85%d0%be%d1%80%d0%bd\/"},"modified":"2021-07-20T17:00:31","modified_gmt":"2021-07-20T17:00:31","slug":"%d0%bc%d0%b0%d1%82%d1%82%d0%b5%d1%80%d1%85%d0%be%d1%80%d0%bd","status":"publish","type":"product","link":"https:\/\/roehrigart.com\/ru\/shop\/%d1%85%d1%83%d0%b4%d0%be%d0%b6%d0%b5%d1%81%d1%82%d0%b2%d0%b5%d0%bd%d0%bd%d1%8b%d0%b9-%d0%bc%d0%b0%d0%b3%d0%b0%d0%b7%d0%b8%d0%bd\/%d1%88%d0%b5%d0%bb%d0%ba%d0%be%d0%b2%d1%8b%d0%b5-%d1%88%d0%b0%d1%80%d1%84%d1%8b\/%d0%b1%d0%be%d0%bb%d1%8c%d1%88%d0%b8%d0%b5-%d1%84%d1%83%d0%bb%d1%8f%d1%80%d1%8b\/%d0%bc%d0%b0%d1%82%d1%82%d0%b5%d1%80%d1%85%d0%be%d1%80%d0%bd\/","title":{"rendered":"\u041c\u0430\u0442\u0442\u0435\u0440\u0445\u043e\u0440\u043d"},"content":{"rendered":"","protected":false},"excerpt":{"rendered":"<p>Der Lebensbaum im kosmischen goldenen Glanz, w\u00e4hrend das Leben bl\u00fcht. Ein g\u00e4ngiges Motiv des K\u00fcnstlers, um die Wechselbeziehung und Quelle allen Lebens zu vermitteln. Ein geschicktes Spiel mit Perspektive, um das Vor\u00fcbergehende und das Best\u00e4ndige zu charakterisieren. W\u00e4hrend die Zeit auf den Fl\u00fcgeln eines Vogels vergeht, werden einige Dinge zu Ende gehen, und andere werden wie das trotzige Matterhorn in diesem kosmischen Spiel weiter bestehen bleiben.<\/p>\n","protected":false},"featured_media":17630,"template":"","meta":{"_acf_changed":false,"googlesitekit_rrm_CAow3JTBDA:productID":""},"product_brand":[],"product_cat":[480,484],"product_tag":[],"class_list":{"0":"post-18040","1":"product","2":"type-product","3":"status-publish","4":"has-post-thumbnail","6":"product_cat-480","7":"product_cat-484","8":"product_shipping_class--dvd","10":"first","11":"outofstock","12":"taxable","13":"shipping-taxable","14":"purchasable","15":"product-type-simple"},"acf":[],"_links":{"self":[{"href":"https:\/\/roehrigart.com\/ru\/wp-json\/wp\/v2\/product\/18040","targetHints":{"allow":["GET"]}}],"collection":[{"href":"https:\/\/roehrigart.com\/ru\/wp-json\/wp\/v2\/product"}],"about":[{"href":"https:\/\/roehrigart.com\/ru\/wp-json\/wp\/v2\/types\/product"}],"version-history":[{"count":0,"href":"https:\/\/roehrigart.com\/ru\/wp-json\/wp\/v2\/product\/18040\/revisions"}],"wp:featuredmedia":[{"embeddable":true,"href":"https:\/\/roehrigart.com\/ru\/wp-json\/wp\/v2\/media\/17630"}],"wp:attachment":[{"href":"https:\/\/roehrigart.com\/ru\/wp-json\/wp\/v2\/media?parent=18040"}],"wp:term":[{"taxonomy":"product_brand","embeddable":true,"href":"https:\/\/roehrigart.com\/ru\/wp-json\/wp\/v2\/product_brand?post=18040"},{"taxonomy":"product_cat","embeddable":true,"href":"https:\/\/roehrigart.com\/ru\/wp-json\/wp\/v2\/product_cat?post=18040"},{"taxonomy":"product_tag","embeddable":true,"href":"https:\/\/roehrigart.com\/ru\/wp-json\/wp\/v2\/product_tag?post=18040"}],"curies":[{"name":"wp","href":"https:\/\/api.w.org\/{rel}","templated":true}]}}